{"id":120,"date":"2020-06-29T15:36:49","date_gmt":"2020-06-29T12:36:49","guid":{"rendered":"https:\/\/hevosjalostusliitot.fi\/etelasavo\/?page_id=120"},"modified":"2025-05-05T18:05:53","modified_gmt":"2025-05-05T15:05:53","slug":"jasenseurat","status":"publish","type":"page","link":"https:\/\/hevosjalostusliitot.fi\/etelasavo\/jasenseurat\/","title":{"rendered":"Hallitus ja j\u00e4senseurat"},"content":{"rendered":"\n<div class=\"wp-block-group\"><div class=\"wp-block-group__inner-container is-layout-flow wp-block-group-is-layout-flow\">\n<div class=\"wp-block-group\"><div class=\"wp-block-group__inner-container is-layout-flow wp-block-group-is-layout-flow\">\n<h4 class=\"wp-block-heading\">Hallitus<\/h4>\n\n\n\n<ul class=\"wp-block-list\">\n<li>Puheenjohtaja: Pia Liukkonen, Kangasniemi<\/li>\n<\/ul>\n\n\n\n<p><strong>J\u00e4senet<\/strong><\/p>\n\n\n\n<ul class=\"wp-block-list\">\n<li>Taru Silaste, Mikkeli &#8211; varapuheenjohtaja<\/li>\n\n\n\n<li>Marjo Pajula, Savonlinna<\/li>\n\n\n\n<li>Tiina Kosonen, Puumala<\/li>\n\n\n\n<li>Heta Jukola, M\u00e4ntyharju<\/li>\n\n\n\n<li>Ari Sepp\u00e4nen, Enonkoski<\/li>\n\n\n\n<li>Kirsi Itkonen, Pieks\u00e4m\u00e4ki<\/li>\n<\/ul>\n\n\n\n<p><strong>Varaj\u00e4senet<\/strong><\/p>\n\n\n\n<ul class=\"wp-block-list\">\n<li>Sinikka P\u00f6yry, Juva<\/li>\n\n\n\n<li>Maria N\u00e4rhinen, Mikkeli<\/li>\n\n\n\n<li>Elina Lahti, Pertunmaa<\/li>\n<\/ul>\n\n\n\n<h4 class=\"wp-block-heading\">J\u00e4senseurat<\/h4>\n\n\n\n<ul class=\"wp-block-list\">\n<li><strong>Mikkelin Ravirata Oy<\/strong><\/li>\n\n\n\n<li><strong>Pro Agria Etel\u00e4-Savo<\/strong>, Mikkeli<\/li>\n<\/ul>\n<\/div><\/div>\n<\/div><\/div>\n\n\n\n<div class=\"wp-block-group\"><div class=\"wp-block-group__inner-container is-layout-flow wp-block-group-is-layout-flow\">\n<div class=\"wp-block-group\"><div class=\"wp-block-group__inner-container is-layout-flow wp-block-group-is-layout-flow\">\n<ul class=\"wp-block-list\">\n<li><strong>Enonkosken Hevosyst\u00e4v\u00e4inseura <\/strong>\n<ul class=\"wp-block-list\">\n<li>pj. Ari Sepp\u00e4nen, Enonkoski<\/li>\n\n\n\n<li>sihteeri &amp; rah.hoit. Mirja Lyytik\u00e4inen, Enonkoski<\/li>\n<\/ul>\n<\/li>\n<\/ul>\n<\/div><\/div>\n<\/div><\/div>\n\n\n\n<div class=\"wp-block-group\"><div class=\"wp-block-group__inner-container is-layout-flow wp-block-group-is-layout-flow\"><\/div><\/div>\n\n\n\n<div class=\"wp-block-group\"><div class=\"wp-block-group__inner-container is-layout-flow wp-block-group-is-layout-flow\">\n<ul class=\"wp-block-list\">\n<li><strong>It\u00e4-Savon Hevosyst\u00e4v\u00e4inseura <\/strong>\n<ul class=\"wp-block-list\">\n<li>pj. Helena Dahlstr\u00f6m, Savonlinna<\/li>\n\n\n\n<li>siht. &amp; rah.hoit. Kaija Pohjalainen, Savonlinna<\/li>\n<\/ul>\n<\/li>\n<\/ul>\n<\/div><\/div>\n\n\n\n<div class=\"wp-block-group\"><div class=\"wp-block-group__inner-container is-layout-flow wp-block-group-is-layout-flow\">\n<ul class=\"wp-block-list\">\n<li><strong>Juvan Hevosyst\u00e4v\u00e4inseura <\/strong>\n<ul class=\"wp-block-list\">\n<li>pj. Jari Yl\u00f6nen, Juva<\/li>\n\n\n\n<li>siht. Sandra Kortekallio, Mikkeli<\/li>\n\n\n\n<li>rah. hoit. Enni R\u00e4is\u00e4nen, Juva<\/li>\n<\/ul>\n<\/li>\n<\/ul>\n<\/div><\/div>\n\n\n\n<div class=\"wp-block-group\"><div class=\"wp-block-group__inner-container is-layout-flow wp-block-group-is-layout-flow\">\n<ul class=\"wp-block-list\">\n<li><strong>Kangasniemen Hevosjalostusseura<\/strong>\n<ul class=\"wp-block-list\">\n<li>pj. Timo Pohju, Kangasniemi<\/li>\n\n\n\n<li>siht. ja rah. hoit. Pia Liukkonen, Kangasniemi<\/li>\n<\/ul>\n<\/li>\n<\/ul>\n<\/div><\/div>\n\n\n\n<div class=\"wp-block-group\"><div class=\"wp-block-group__inner-container is-layout-flow wp-block-group-is-layout-flow\">\n<ul class=\"wp-block-list\">\n<li><strong>Etel\u00e4-Savon Hevosenomistajat ry <\/strong>\n<ul class=\"wp-block-list\">\n<li>pj. Ulla Silaste, Mikkeli<\/li>\n\n\n\n<li>vpj. Johanna Tervakangas, Mikkeli<\/li>\n\n\n\n<li>siht. Mervi Muurikka, Mikkeli<\/li>\n\n\n\n<li>rah. hoit. Mari P\u00f6ll\u00e4nen, Juva<\/li>\n<\/ul>\n<\/li>\n<\/ul>\n\n\n\n<p><\/p>\n<\/div><\/div>\n\n\n\n<div class=\"wp-block-group\"><div class=\"wp-block-group__inner-container is-layout-flow wp-block-group-is-layout-flow\">\n<ul class=\"wp-block-list\">\n<li><strong>M\u00e4ntyharjun Hevosyst\u00e4v\u00e4inseura <\/strong>\n<ul class=\"wp-block-list\">\n<li>pj. Heta Jukola, M\u00e4ntyharju<\/li>\n\n\n\n<li>siht. Johanna Krakau, M\u00e4ntyharju<\/li>\n\n\n\n<li>rah. hoit. Jenni Paakkari, M\u00e4ntyharju<\/li>\n<\/ul>\n<\/li>\n<\/ul>\n<\/div><\/div>\n\n\n\n<div class=\"wp-block-group\"><div class=\"wp-block-group__inner-container is-layout-flow wp-block-group-is-layout-flow\">\n<ul class=\"wp-block-list\">\n<li><strong>Pieks\u00e4m\u00e4en Hevosyst\u00e4v\u00e4inseura <\/strong>\n<ul class=\"wp-block-list\">\n<li>Pj. Alpo Salo, Pieks\u00e4m\u00e4ki<\/li>\n\n\n\n<li>Siht. Tomi Parviainen, Pieks\u00e4m\u00e4ki<\/li>\n<\/ul>\n<\/li>\n<\/ul>\n<\/div><\/div>\n\n\n\n<div class=\"wp-block-group\"><div class=\"wp-block-group__inner-container is-layout-flow wp-block-group-is-layout-flow\">\n<ul class=\"wp-block-list\">\n<li><strong>Puumalan Hevosyst\u00e4v\u00e4inseura ry<\/strong>\n<ul class=\"wp-block-list\">\n<li>pj. Arto Kontio, Puumala<\/li>\n\n\n\n<li>siht. Ninja Sil\u00e9n, Puumala<\/li>\n\n\n\n<li>rah. hoit. Anne Valtonen, Puumala<\/li>\n<\/ul>\n<\/li>\n<\/ul>\n<\/div><\/div>\n\n\n\n<div class=\"wp-block-group\"><div class=\"wp-block-group__inner-container is-layout-flow wp-block-group-is-layout-flow\">\n<ul class=\"wp-block-list\">\n<li><strong>Pertunmaan Hevosseura <\/strong>\n<ul class=\"wp-block-list\">\n<li>pj. Elina Lahti, Pertunmaa<\/li>\n\n\n\n<li>siht. Ilkka Ropa, Pertunmaa<\/li>\n\n\n\n<li>rah. hoit. Sanna Ruuth, Pertunmaa<\/li>\n<\/ul>\n<\/li>\n<\/ul>\n<\/div><\/div>\n\n\n\n<p><\/p>\n","protected":false},"excerpt":{"rendered":"<p>Hallitus J\u00e4senet Varaj\u00e4senet J\u00e4senseurat<\/p>\n","protected":false},"author":24,"featured_media":0,"parent":0,"menu_order":0,"comment_status":"closed","ping_status":"closed","template":"","meta":{"_EventAllDay":false,"_EventTimezone":"","_EventStartDate":"","_EventEndDate":"","_EventStartDateUTC":"","_EventEndDateUTC":"","_EventShowMap":false,"_EventShowMapLink":false,"_EventURL":"","_EventCost":"","_EventCostDescription":"","_EventCurrencySymbol":"","_EventCurrencyPosition":"","_EventDateTimeSeparator":"","_EventTimeRangeSeparator":"","_EventOrganizerID":[],"_EventVenueID":0,"_OrganizerEmail":"","_OrganizerPhone":"","_OrganizerWebsite":"","_VenueAddress":"","_VenueCity":"","_VenueCountry":"","_VenueProvince":"","_VenueZip":"","_VenuePhone":"","_VenueURL":"","_VenueStateProvince":"","_VenueLat":"","_VenueLng":"","footnotes":""},"class_list":["post-120","page","type-page","status-publish","hentry"],"_links":{"self":[{"href":"https:\/\/hevosjalostusliitot.fi\/etelasavo\/wp-json\/wp\/v2\/pages\/120","targetHints":{"allow":["GET"]}}],"collection":[{"href":"https:\/\/hevosjalostusliitot.fi\/etelasavo\/wp-json\/wp\/v2\/pages"}],"about":[{"href":"https:\/\/hevosjalostusliitot.fi\/etelasavo\/wp-json\/wp\/v2\/types\/page"}],"author":[{"embeddable":true,"href":"https:\/\/hevosjalostusliitot.fi\/etelasavo\/wp-json\/wp\/v2\/users\/24"}],"replies":[{"embeddable":true,"href":"https:\/\/hevosjalostusliitot.fi\/etelasavo\/wp-json\/wp\/v2\/comments?post=120"}],"version-history":[{"count":35,"href":"https:\/\/hevosjalostusliitot.fi\/etelasavo\/wp-json\/wp\/v2\/pages\/120\/revisions"}],"predecessor-version":[{"id":729,"href":"https:\/\/hevosjalostusliitot.fi\/etelasavo\/wp-json\/wp\/v2\/pages\/120\/revisions\/729"}],"wp:attachment":[{"href":"https:\/\/hevosjalostusliitot.fi\/etelasavo\/wp-json\/wp\/v2\/media?parent=120"}],"curies":[{"name":"wp","href":"https:\/\/api.w.org\/{rel}","templated":true}]}}