{"id":7,"date":"2020-05-14T16:25:23","date_gmt":"2020-05-14T13:25:23","guid":{"rendered":"https:\/\/hevoskasvattajat.fi\/etelapohjanmaa\/hestia-front\/"},"modified":"2025-11-13T13:11:48","modified_gmt":"2025-11-13T11:11:48","slug":"etusivu","status":"publish","type":"page","link":"https:\/\/hevosjalostusliitot.fi\/etelapohjanmaa\/","title":{"rendered":"Etel\u00e4-Pohjanmaan Hevosjalostusliitto ry"},"content":{"rendered":"\n<div class=\"wp-block-cover is-light has-parallax\"><span aria-hidden=\"true\" class=\"wp-block-cover__background has-background-dim-0 has-background-dim\" style=\"background-color:#868c8c\"><\/span><div role=\"img\" aria-label=\"Close-up of three horses in an outdoor setting in G\u00f6reme, Turkey, captured in a warm, vibrant tone.\" class=\"wp-block-cover__image-background wp-image-224 has-parallax\" style=\"background-position:50% 50%;background-image:url(https:\/\/hevosjalostusliitot.fi\/etelapohjanmaa\/wp-content\/uploads\/sites\/5\/2025\/03\/close-up-of-three-horses-in-an-outdoor-setting-in-goreme-turkey-captured-in-a-warm-vibrant-tone.-14961976-scaled.jpg)\"><\/div><div class=\"wp-block-cover__inner-container is-layout-flow wp-block-cover-is-layout-flow\">\n<h2 class=\"wp-block-heading has-text-align-center\">Etel\u00e4-Pohjanmaan Hevosjalostusliitto ry<\/h2>\n<\/div><\/div>\n\n\n\n<h1 class=\"wp-block-heading\">Tervetuloa<\/h1>\n\n\n\n<p>Yhteystiedot:<\/p>\n\n\n\n<p>Jalostusvastaava Susanna Hakkarainen 040 532 9014 <\/p>\n\n\n\n<p>Toiminnanjohtaja Jyri Saranp\u00e4\u00e4 0500 567 764<\/p>\n\n\n\n<p>Kilpailusihteeri Matti Kattelus 0400 826 862<\/p>\n\n\n\n<p>s\u00e4hk\u00f6posti: etunimi.sukunimi@seinajoenravit.net<\/p>\n\n\n\n<p>Ravikeskuksen toimisto: 06 428 9200<\/p>\n\n\n\n<p>Osoite: Ravitie 9, 60120 Sein\u00e4joki (avoinna ma-to klo 9-15)<\/p>\n","protected":false},"excerpt":{"rendered":"<p>Tervetuloa Yhteystiedot: Jalostusvastaava Susanna Hakkarainen 040 532 9014 Toiminnanjohtaja Jyri Saranp\u00e4\u00e4 0500 567 764 Kilpailusihteeri Matti Kattelus 0400 826 862 s\u00e4hk\u00f6posti: etunimi.sukunimi@seinajoenravit.net Ravikeskuksen toimisto: 06 428 9200 Osoite: Ravitie 9, 60120 Sein\u00e4joki (avoinna ma-to klo 9-15)<\/p>\n","protected":false},"author":1,"featured_media":86,"parent":0,"menu_order":0,"comment_status":"closed","ping_status":"closed","template":"page-templates\/template-fullwidth.php","meta":{"_EventAllDay":false,"_EventTimezone":"","_EventStartDate":"","_EventEndDate":"","_EventStartDateUTC":"","_EventEndDateUTC":"","_EventShowMap":false,"_EventShowMapLink":false,"_EventURL":"","_EventCost":"","_EventCostDescription":"","_EventCurrencySymbol":"","_EventCurrencyPosition":"","_EventDateTimeSeparator":"","_EventTimeRangeSeparator":"","_EventOrganizerID":[],"_EventVenueID":0,"_OrganizerEmail":"","_OrganizerPhone":"","_OrganizerWebsite":"","_VenueAddress":"","_VenueCity":"","_VenueCountry":"","_VenueProvince":"","_VenueZip":"","_VenuePhone":"","_VenueURL":"","_VenueStateProvince":"","_VenueLat":"","_VenueLng":"","footnotes":""},"class_list":["post-7","page","type-page","status-publish","has-post-thumbnail","hentry"],"_links":{"self":[{"href":"https:\/\/hevosjalostusliitot.fi\/etelapohjanmaa\/wp-json\/wp\/v2\/pages\/7","targetHints":{"allow":["GET"]}}],"collection":[{"href":"https:\/\/hevosjalostusliitot.fi\/etelapohjanmaa\/wp-json\/wp\/v2\/pages"}],"about":[{"href":"https:\/\/hevosjalostusliitot.fi\/etelapohjanmaa\/wp-json\/wp\/v2\/types\/page"}],"author":[{"embeddable":true,"href":"https:\/\/hevosjalostusliitot.fi\/etelapohjanmaa\/wp-json\/wp\/v2\/users\/1"}],"replies":[{"embeddable":true,"href":"https:\/\/hevosjalostusliitot.fi\/etelapohjanmaa\/wp-json\/wp\/v2\/comments?post=7"}],"version-history":[{"count":32,"href":"https:\/\/hevosjalostusliitot.fi\/etelapohjanmaa\/wp-json\/wp\/v2\/pages\/7\/revisions"}],"predecessor-version":[{"id":277,"href":"https:\/\/hevosjalostusliitot.fi\/etelapohjanmaa\/wp-json\/wp\/v2\/pages\/7\/revisions\/277"}],"wp:featuredmedia":[{"embeddable":true,"href":"https:\/\/hevosjalostusliitot.fi\/etelapohjanmaa\/wp-json\/wp\/v2\/media\/86"}],"wp:attachment":[{"href":"https:\/\/hevosjalostusliitot.fi\/etelapohjanmaa\/wp-json\/wp\/v2\/media?parent=7"}],"curies":[{"name":"wp","href":"https:\/\/api.w.org\/{rel}","templated":true}]}}