{"id":205,"date":"2024-05-23T09:18:03","date_gmt":"2024-05-23T06:18:03","guid":{"rendered":"https:\/\/hevosjalostusliitot.fi\/etelapohjanmaa\/?page_id=205"},"modified":"2025-06-18T10:00:33","modified_gmt":"2025-06-18T07:00:33","slug":"ajolupakurssit-ja-vastuuvalmentajatentit","status":"publish","type":"page","link":"https:\/\/hevosjalostusliitot.fi\/etelapohjanmaa\/ajolupakurssit-ja-vastuuvalmentajatentit\/","title":{"rendered":"Ajolupakurssit ja vastuuvalmentajatentit"},"content":{"rendered":"\n<p>Etel\u00e4-Pohjanmaan Hevosjalostusliitto j\u00e4rjest\u00e4\u00e4 C-ajolupakursseja kysynn\u00e4n mukaan. <\/p>\n\n\n\n<p>Seuraava C- ja P-ajolupakurssi alkaa p\u00e4\u00e4sykokeella lauantaina 16.8.25. Kurssit j\u00e4rjestet\u00e4\u00e4n soveltuvilta osin yht\u00e4aikaa. <\/p>\n\n\n\n<p>Kurssin aikataulu:<\/p>\n\n\n\n<p>La 16.8 p\u00e4\u00e4sykoe molemmille kursseille<br>To 21.8 teoria ja k\u00e4rryjenveto C-kurssi klo 9-12, P- kurssi klo 12.30-17<br>La 23.8 teoria ja k\u00e4rryjenveto C-kurssi klo 9-12, P- kurssi klo 12.30-17<br>La 30.8 C-kurssi klo 10-12, P-kurssi klo 12.30-17<br>Su 7.9 C-kurssi klo 10-12, P-kurssi klo 12.30-17<br>La 13.9 C-kurssi klo 10-12, P-kurssi klo 12.30-17<br>To 18.9 C-kurssi klo 18-19.30<br>Su 21.9 C- ja P-kurssi klo 10<br>To 25.9 C-kurssi klo 18-20<br>La 27.9 C- ja P-kurssi klo 10<br>To 2.10 C- ja P-kurssi kenraaliharjoitus<br>La 4.10 Loppukoe molemmille kursseille<\/p>\n\n\n\n<p>Hakemukset Hippoksen lomakkeella osoitteeseen seinajoen.ravit@seinajoenravit.net<\/p>\n\n\n\n<p>Hakemuslomakeet:<\/p>\n\n\n\n<p>C-ajolupakurssi:  <a href=\"https:\/\/www.hippos.fi\/tiedostot\/hakemus-c-ajolupakurssille\/\">hippos.fi\/tiedostot\/hakemus-c-ajolupakurssille\/<\/a><\/p>\n\n\n\n<p>P-ajolupakurssi: <a href=\"https:\/\/www.hippos.fi\/tiedostot\/hakemus-p-ajolupakurssille\/\">hippos.fi\/tiedostot\/hakemus-p-ajolupakurssille\/<\/a><\/p>\n\n\n\n<p>Lis\u00e4tietoja ja kurssien hinnat: <a href=\"https:\/\/www.hippos.fi\/raviurheilu\/raviurheilijan-koulutukset\/\">Raviurheilijan koulutukset &#8211; Hippos<\/a><\/p>\n\n\n\n<p>Ajolupakurssin loppukokeen yhteydess\u00e4 on mahdollista uusia vanhentunut ajolupa suorittamalla sek\u00e4 kirjallinen koe ett\u00e4 k\u00e4yt\u00e4nn\u00f6n koe, lis\u00e4ksi tulee osallistua yhteen kurssin volttiharjoitukseen. Ole siis hyviss\u00e4 ajoin yhteydess\u00e4 hevosjalostusliittoon.<\/p>\n\n\n\n<p>B-ajolupa on mahdollista tentti\u00e4 ajolupakurssin yhteydess\u00e4 sek\u00e4 my\u00f6s muuna erikseen sovittuna ajankohtana.<\/p>\n\n\n\n<p>Lis\u00e4tietoja ajoluvasta:&nbsp;<a rel=\"noreferrer noopener\" href=\"https:\/\/www.hippos.fi\/koulutus\/raviurheilijan-koulutukset\/c-ajolupakurssit\/\" target=\"_blank\">https:\/\/www.hippos.fi\/koulutus\/raviurheilijan-koulutukset\/c-ajolupakurssit\/<\/a><\/p>\n\n\n\n<p><strong>Vastuuvalmentajakoulutusta&nbsp;<\/strong>ei varsinaisesti en\u00e4\u00e4 j\u00e4rjestet\u00e4, vaan jatkossa tulee suorittaa Suomen Hippoksen verkkokoulutus&nbsp;<a rel=\"noreferrer noopener\" href=\"https:\/\/www.hippos.fi\/koulutus\/hipposakatemia\/\" target=\"_blank\">Hipposakatemiassa<\/a>&nbsp;ja t\u00e4m\u00e4n j\u00e4lkeen sovitaan erikseen tenttiaika. Tentin voi suorittaa Sein\u00e4joen Ravikeskuksen toimistolla ennalta sovittuna aikana. <\/p>\n\n\n\n<p>Sovi aika tentille s\u00e4hk\u00f6postilla: susanna.hakkarainen@seinajoenravit.net tai puhelimitse 040 5329014. <\/p>\n\n\n\n<p>Halutessaan vastuuvalmentajatenttiin tulija voi osallistua verkkokoulutuksen lis\u00e4ksi ajolupakurssin teoriaosuuteen.<\/p>\n\n\n\n<p>Lis\u00e4tietoja vastuuvalmentajakoulutuksesta:&nbsp;<a href=\"https:\/\/www.hippos.fi\/koulutus\/raviurheilijan-koulutukset\/vastuuvalmentajakoulutukset\/\" target=\"_blank\" rel=\"noreferrer noopener\">https:\/\/www.hippos.fi\/koulutus\/raviurheilijan-koulutukset\/vastuuvalmentajakoulutukset\/<\/a><\/p>\n","protected":false},"excerpt":{"rendered":"<p>Etel\u00e4-Pohjanmaan Hevosjalostusliitto j\u00e4rjest\u00e4\u00e4 C-ajolupakursseja kysynn\u00e4n mukaan. Seuraava C- ja P-ajolupakurssi alkaa p\u00e4\u00e4sykokeella lauantaina 16.8.25. Kurssit j\u00e4rjestet\u00e4\u00e4n soveltuvilta osin yht\u00e4aikaa. Kurssin aikataulu: La 16.8 p\u00e4\u00e4sykoe molemmille kursseilleTo 21.8 teoria ja k\u00e4rryjenveto C-kurssi klo 9-12, P- kurssi klo 12.30-17La 23.8 teoria ja k\u00e4rryjenveto C-kurssi klo 9-12, P- kurssi klo 12.30-17La 30.8 C-kurssi [&hellip;]<\/p>\n","protected":false},"author":16,"featured_media":238,"parent":0,"menu_order":0,"comment_status":"closed","ping_status":"closed","template":"","meta":{"_EventAllDay":false,"_EventTimezone":"","_EventStartDate":"","_EventEndDate":"","_EventStartDateUTC":"","_EventEndDateUTC":"","_EventShowMap":false,"_EventShowMapLink":false,"_EventURL":"","_EventCost":"","_EventCostDescription":"","_EventCurrencySymbol":"","_EventCurrencyPosition":"","_EventDateTimeSeparator":"","_EventTimeRangeSeparator":"","_EventOrganizerID":[],"_EventVenueID":0,"_OrganizerEmail":"","_OrganizerPhone":"","_OrganizerWebsite":"","_VenueAddress":"","_VenueCity":"","_VenueCountry":"","_VenueProvince":"","_VenueZip":"","_VenuePhone":"","_VenueURL":"","_VenueStateProvince":"","_VenueLat":"","_VenueLng":"","footnotes":""},"class_list":["post-205","page","type-page","status-publish","has-post-thumbnail","hentry"],"_links":{"self":[{"href":"https:\/\/hevosjalostusliitot.fi\/etelapohjanmaa\/wp-json\/wp\/v2\/pages\/205","targetHints":{"allow":["GET"]}}],"collection":[{"href":"https:\/\/hevosjalostusliitot.fi\/etelapohjanmaa\/wp-json\/wp\/v2\/pages"}],"about":[{"href":"https:\/\/hevosjalostusliitot.fi\/etelapohjanmaa\/wp-json\/wp\/v2\/types\/page"}],"author":[{"embeddable":true,"href":"https:\/\/hevosjalostusliitot.fi\/etelapohjanmaa\/wp-json\/wp\/v2\/users\/16"}],"replies":[{"embeddable":true,"href":"https:\/\/hevosjalostusliitot.fi\/etelapohjanmaa\/wp-json\/wp\/v2\/comments?post=205"}],"version-history":[{"count":7,"href":"https:\/\/hevosjalostusliitot.fi\/etelapohjanmaa\/wp-json\/wp\/v2\/pages\/205\/revisions"}],"predecessor-version":[{"id":266,"href":"https:\/\/hevosjalostusliitot.fi\/etelapohjanmaa\/wp-json\/wp\/v2\/pages\/205\/revisions\/266"}],"wp:featuredmedia":[{"embeddable":true,"href":"https:\/\/hevosjalostusliitot.fi\/etelapohjanmaa\/wp-json\/wp\/v2\/media\/238"}],"wp:attachment":[{"href":"https:\/\/hevosjalostusliitot.fi\/etelapohjanmaa\/wp-json\/wp\/v2\/media?parent=205"}],"curies":[{"name":"wp","href":"https:\/\/api.w.org\/{rel}","templated":true}]}}