{"id":201,"date":"2024-05-23T09:08:09","date_gmt":"2024-05-23T06:08:09","guid":{"rendered":"https:\/\/hevosjalostusliitot.fi\/etelapohjanmaa\/?page_id=201"},"modified":"2025-03-19T10:16:03","modified_gmt":"2025-03-19T08:16:03","slug":"raviponien-mittaus","status":"publish","type":"page","link":"https:\/\/hevosjalostusliitot.fi\/etelapohjanmaa\/raviponien-mittaus\/","title":{"rendered":"Raviponien mittaus"},"content":{"rendered":"\n<p>Viralliset mittaukset raviponeille<\/p>\n\n\n\n<p>Raviponille tulee olla mittaustulos Heppa-j\u00e4rjestelm\u00e4ss\u00e4 valmiiksi, kun poni ilmoitetaan starttiin (Ei koske vanhempia poneja, joilla loppumittaus vuodelta 2018 tai aiemmin).<\/p>\n\n\n\n<p>Ponimittaus 50 eur + matkakulut<\/p>\n\n\n\n<p>Tunnistusten tms. k\u00e4ynnin yhteydess\u00e4 tai ryhm\u00e4mittaustilaisuuksissa 30 euroa<\/p>\n\n\n\n<p>Ryhm\u00e4mittaustilaisuus voidaan j\u00e4rjest\u00e4\u00e4 pyynn\u00f6st\u00e4 esimerkiksi kilpailun tai muun tapahtuman yhteydess\u00e4, mik\u00e4li mittaustilaisuudelle on tarvetta, ole yhteydess\u00e4 jalostusvastaavaan: Susanna Hakkarainen puh. 040 5329014, susanna.hakkarainen@seinajoenravit.net<\/p>\n\n\n\n<p><\/p>\n\n\n\n<p>HUOM!<\/p>\n\n\n\n<p>Raviponeilla<\/p>\n\n\n\n<p>\u2013 vaaditaan mittaustulos Heppa-j\u00e4rjestelm\u00e4\u00e4n tallennettuna starttiin ilmoitettaessa<\/p>\n\n\n\n<ul class=\"wp-block-list\"><li>poislukien vanhemmat ponit, joilla loppumittaus vuodelta 2018 tai aiemmin)<\/li><li>HUOM! Muutos 1.1.2022 alkaen: Poni saa kilpailla 6-vuotiaaksi samalla mittaustuloksella, jos tulos on enint\u00e4\u00e4n 103,5 (A-ponit) tai 126,5 (B-ponit). V\u00e4hint\u00e4\u00e4n 7-vuotiaalle ponille tulee tehd\u00e4 loppumittaus.<\/li><\/ul>\n\n\n\n<p>\u2013 3-vuotias poni voidaan mitata aikaisintaan toukokuussa<\/p>\n\n\n\n<p>\u2013 mittaus tehd\u00e4\u00e4n 0,5 cm tarkkuudella (py\u00f6ristys yl\u00f6s- tai alasp\u00e4in)<\/p>\n\n\n\n<p>\u2013 Kengityksest\u00e4 voidaan tehd\u00e4 max 10 mm v\u00e4hennys, poikkeuksena mont\u00e9n alarajalla olevat ponit, joilta v\u00e4hennet\u00e4\u00e4n aina tarkka mitta<\/p>\n\n\n\n<p>\u2013 loppumittaus voidaan tehd\u00e4 7-vuotiaalle tai vanhemmalle ponille<\/p>\n","protected":false},"excerpt":{"rendered":"<p>Viralliset mittaukset raviponeille Raviponille tulee olla mittaustulos Heppa-j\u00e4rjestelm\u00e4ss\u00e4 valmiiksi, kun poni ilmoitetaan starttiin (Ei koske vanhempia poneja, joilla loppumittaus vuodelta 2018 tai aiemmin). Ponimittaus 50 eur + matkakulut Tunnistusten tms. k\u00e4ynnin yhteydess\u00e4 tai ryhm\u00e4mittaustilaisuuksissa 30 euroa Ryhm\u00e4mittaustilaisuus voidaan j\u00e4rjest\u00e4\u00e4 pyynn\u00f6st\u00e4 esimerkiksi kilpailun tai muun tapahtuman yhteydess\u00e4, mik\u00e4li mittaustilaisuudelle on tarvetta, [&hellip;]<\/p>\n","protected":false},"author":16,"featured_media":228,"parent":0,"menu_order":0,"comment_status":"closed","ping_status":"closed","template":"","meta":{"_EventAllDay":false,"_EventTimezone":"","_EventStartDate":"","_EventEndDate":"","_EventStartDateUTC":"","_EventEndDateUTC":"","_EventShowMap":false,"_EventShowMapLink":false,"_EventURL":"","_EventCost":"","_EventCostDescription":"","_EventCurrencySymbol":"","_EventCurrencyPosition":"","_EventDateTimeSeparator":"","_EventTimeRangeSeparator":"","_EventOrganizerID":[],"_EventVenueID":0,"_OrganizerEmail":"","_OrganizerPhone":"","_OrganizerWebsite":"","_VenueAddress":"","_VenueCity":"","_VenueCountry":"","_VenueProvince":"","_VenueZip":"","_VenuePhone":"","_VenueURL":"","_VenueStateProvince":"","_VenueLat":"","_VenueLng":"","footnotes":""},"class_list":["post-201","page","type-page","status-publish","has-post-thumbnail","hentry"],"_links":{"self":[{"href":"https:\/\/hevosjalostusliitot.fi\/etelapohjanmaa\/wp-json\/wp\/v2\/pages\/201","targetHints":{"allow":["GET"]}}],"collection":[{"href":"https:\/\/hevosjalostusliitot.fi\/etelapohjanmaa\/wp-json\/wp\/v2\/pages"}],"about":[{"href":"https:\/\/hevosjalostusliitot.fi\/etelapohjanmaa\/wp-json\/wp\/v2\/types\/page"}],"author":[{"embeddable":true,"href":"https:\/\/hevosjalostusliitot.fi\/etelapohjanmaa\/wp-json\/wp\/v2\/users\/16"}],"replies":[{"embeddable":true,"href":"https:\/\/hevosjalostusliitot.fi\/etelapohjanmaa\/wp-json\/wp\/v2\/comments?post=201"}],"version-history":[{"count":2,"href":"https:\/\/hevosjalostusliitot.fi\/etelapohjanmaa\/wp-json\/wp\/v2\/pages\/201\/revisions"}],"predecessor-version":[{"id":203,"href":"https:\/\/hevosjalostusliitot.fi\/etelapohjanmaa\/wp-json\/wp\/v2\/pages\/201\/revisions\/203"}],"wp:featuredmedia":[{"embeddable":true,"href":"https:\/\/hevosjalostusliitot.fi\/etelapohjanmaa\/wp-json\/wp\/v2\/media\/228"}],"wp:attachment":[{"href":"https:\/\/hevosjalostusliitot.fi\/etelapohjanmaa\/wp-json\/wp\/v2\/media?parent=201"}],"curies":[{"name":"wp","href":"https:\/\/api.w.org\/{rel}","templated":true}]}}