{"id":198,"date":"2024-05-23T09:01:36","date_gmt":"2024-05-23T06:01:36","guid":{"rendered":"https:\/\/hevosjalostusliitot.fi\/etelapohjanmaa\/?page_id=198"},"modified":"2025-03-19T10:20:22","modified_gmt":"2025-03-19T08:20:22","slug":"hyva-talli-laatujarjestelma","status":"publish","type":"page","link":"https:\/\/hevosjalostusliitot.fi\/etelapohjanmaa\/hyva-talli-laatujarjestelma\/","title":{"rendered":"Hyv\u00e4 Talli laatuj\u00e4rjestelm\u00e4"},"content":{"rendered":"\n<h2 class=\"wp-block-heading\"><strong>Hyv\u00e4 Talli -laatuj\u00e4rjestelm\u00e4n neuvontak\u00e4ynti<\/strong><\/h2>\n\n\n\n<p>Hyv\u00e4 Talli -laatuj\u00e4rjestelm\u00e4n neuvontak\u00e4ynti mittaa, todentaa ja tukee hevosalan toimijoita laadun ja turvallisuuden sek\u00e4 hyvinvointilain vaatimien edellytysten varmistamisessa. Neuvontak\u00e4ynti tilataan oman alueen hevosjalostusliitolta.<\/p>\n\n\n\n<ol class=\"wp-block-list\">\n<li>Hyv\u00e4 Talli -neuvontak\u00e4ynnill\u00e4 keskityt\u00e4\u00e4n tarjoamaan ty\u00f6kaluja hevosten terveydenhoitoon, tallin turvallisuuteen, asiakaskokemukseen sek\u00e4 hevosten lajityypillisen k\u00e4ytt\u00e4ytymisen mahdollistamiseen, yritt\u00e4jien ja ty\u00f6ntekij\u00f6iden hyvinvointia unohtamatta.<\/li>\n\n\n\n<li>Hyv\u00e4 Talli -neuvontak\u00e4ynneille ker\u00e4t\u00e4\u00e4n arvokasta tietoa, jotta voidaan todentaa ja mitata hevosalan hyvinvointia, sek\u00e4 tarvittaessa edist\u00e4\u00e4 toimintaa. Mittaaminen ja valvonta on oleellista hevosalan hyv\u00e4ksytt\u00e4vyyden ja toiminnan kannalta.<\/li>\n\n\n\n<li>Neuvontak\u00e4yntien ohella kehitet\u00e4\u00e4n kansallista hevosten terveydenhuoltoj\u00e4rjestelm\u00e4\u00e4.<\/li>\n<\/ol>\n\n\n\n<h4 class=\"wp-block-heading\"><strong>TALLINPIT\u00c4J\u00c4N HY\u00d6DYT<\/strong><\/h4>\n\n\n\n<p><strong>Hyv\u00e4 Talli -neuvontak\u00e4ynnin voi tilata mille tahansa tallille, jonka j\u00e4lkeen talli on oikeutettu Hyv\u00e4 Talli -merkint\u00e4\u00e4n.&nbsp;<\/strong><strong>N<\/strong><strong>euvontak\u00e4ynti tarjoaa tallinpit\u00e4j\u00e4lle mahdollisuuden varmistaa koulutetun neuvojan tuella, ett\u00e4 puitteet ja paperity\u00f6t ovat kunnossa. T\u00e4m\u00e4 helpottaa arkea sek\u00e4 antaa valmiudet mahdolliselle viranomaisk\u00e4ynnille.&nbsp;&nbsp;<\/strong><strong>Hyv\u00e4 Talli -merkint\u00e4 on puolestaan markkinaetu, jolla asiakas voi varmistua asioiden olevan kunnossa.<\/strong><\/p>\n\n\n\n<figure class=\"wp-block-embed is-type-video is-provider-youtube wp-block-embed-youtube wp-embed-aspect-16-9 wp-has-aspect-ratio\"><div class=\"wp-block-embed__wrapper\">\n<iframe loading=\"lazy\" title=\"Hyv\u00e4 Talli -laatuj\u00e4rjestelm\u00e4n neuvontak\u00e4ynti\" width=\"750\" height=\"422\" src=\"https:\/\/www.youtube.com\/embed\/Wo9CvC6QWak?feature=oembed\" frameborder=\"0\" allow=\"accelerometer; autoplay; clipboard-write; encrypted-media; gyroscope; picture-in-picture; web-share\" referrerpolicy=\"strict-origin-when-cross-origin\" allowfullscreen><\/iframe>\n<\/div><\/figure>\n\n\n\n<p>Hyv\u00e4 Talli -j\u00e4rjestelm\u00e4ss\u00e4 on kolme tasoa; pronssi-, hopea- ja kultataso. Pronssitaso korvaa vuodesta 2024 alkaen tallitarkastukset, jotka ovat olleet edellytys Suomen Hippoksen my\u00f6nt\u00e4mille A-, B- ja F- valmentajalisensseille. Uusille edell\u00e4 mainituille valmentajalisenssinhaltijoille k\u00e4ynti on pakollinen vuodesta 2024 alkaen. Ennen vuotta 2024 voimassa olevilla lisenssinhaltijoilla noudatetaan kolmen vuoden siirtym\u00e4aikaa. Hyv\u00e4 Talli -neuvontak\u00e4ynti on edellytys my\u00f6s Suomen Hippoksen hyv\u00e4ksymille ravikouluille.<\/p>\n\n\n\n<p>Hyv\u00e4 Talli -neuvontak\u00e4ynnin hinta on 300 euroa \/ k\u00e4ynti, joka on voimassa kolme vuotta.&nbsp; K\u00e4ynti laskutetaan Suomen Hippoksen toimesta neuvontak\u00e4ynnin tekij\u00e4n toimitettua lomakkeen Hippokseen. Hyv\u00e4 Talli -merkint\u00e4 tulee n\u00e4kym\u00e4\u00e4n maksusuorituksen j\u00e4lkeen henkil\u00f6n perustiedoissa Heppa-j\u00e4rjestelm\u00e4ss\u00e4 ja talli lis\u00e4t\u00e4\u00e4n alla oleville listoille. Neuvontak\u00e4ynti uusitaan kolmen vuoden v\u00e4lein, maksutonta omavalvontaa suoritetaan vuosittain itsen\u00e4isesti Oma Tallissa.<\/p>\n\n\n\n<p>Hyv\u00e4 Talli -neuvontak\u00e4ynnin voit tilata liiton jalostusvastaavalta: <\/p>\n\n\n\n<p>Susanna Hakkarainen 040 5329014, susanna.hakkarainen@seinajoenravit.net<\/p>\n\n\n\n<p>Lis\u00e4tietoja saat Suomen Hippoksen sivuilta:&nbsp;<a rel=\"noreferrer noopener\" href=\"https:\/\/www.hippos.fi\/hyvatalli\/\" target=\"_blank\">LINKKI<\/a><\/p>\n\n\n\n<figure class=\"wp-block-image\"><img decoding=\"async\" src=\"https:\/\/hevosjalostusliitot.fi\/hame\/wp-content\/uploads\/sites\/8\/2024\/03\/hyvatallilogo-1024x931.png\" alt=\"\" class=\"wp-image-599\" \/><\/figure>\n","protected":false},"excerpt":{"rendered":"<p>Hyv\u00e4 Talli -laatuj\u00e4rjestelm\u00e4n neuvontak\u00e4ynti Hyv\u00e4 Talli -laatuj\u00e4rjestelm\u00e4n neuvontak\u00e4ynti mittaa, todentaa ja tukee hevosalan toimijoita laadun ja turvallisuuden sek\u00e4 hyvinvointilain vaatimien edellytysten varmistamisessa. Neuvontak\u00e4ynti tilataan oman alueen hevosjalostusliitolta. TALLINPIT\u00c4J\u00c4N HY\u00d6DYT Hyv\u00e4 Talli -neuvontak\u00e4ynnin voi tilata mille tahansa tallille, jonka j\u00e4lkeen talli on oikeutettu Hyv\u00e4 Talli -merkint\u00e4\u00e4n.&nbsp;Neuvontak\u00e4ynti tarjoaa tallinpit\u00e4j\u00e4lle mahdollisuuden varmistaa koulutetun [&hellip;]<\/p>\n","protected":false},"author":16,"featured_media":86,"parent":0,"menu_order":0,"comment_status":"closed","ping_status":"closed","template":"","meta":{"_EventAllDay":false,"_EventTimezone":"","_EventStartDate":"","_EventEndDate":"","_EventStartDateUTC":"","_EventEndDateUTC":"","_EventShowMap":false,"_EventShowMapLink":false,"_EventURL":"","_EventCost":"","_EventCostDescription":"","_EventCurrencySymbol":"","_EventCurrencyPosition":"","_EventDateTimeSeparator":"","_EventTimeRangeSeparator":"","_EventOrganizerID":[],"_EventVenueID":0,"_OrganizerEmail":"","_OrganizerPhone":"","_OrganizerWebsite":"","_VenueAddress":"","_VenueCity":"","_VenueCountry":"","_VenueProvince":"","_VenueZip":"","_VenuePhone":"","_VenueURL":"","_VenueStateProvince":"","_VenueLat":"","_VenueLng":"","footnotes":""},"class_list":["post-198","page","type-page","status-publish","has-post-thumbnail","hentry"],"_links":{"self":[{"href":"https:\/\/hevosjalostusliitot.fi\/etelapohjanmaa\/wp-json\/wp\/v2\/pages\/198","targetHints":{"allow":["GET"]}}],"collection":[{"href":"https:\/\/hevosjalostusliitot.fi\/etelapohjanmaa\/wp-json\/wp\/v2\/pages"}],"about":[{"href":"https:\/\/hevosjalostusliitot.fi\/etelapohjanmaa\/wp-json\/wp\/v2\/types\/page"}],"author":[{"embeddable":true,"href":"https:\/\/hevosjalostusliitot.fi\/etelapohjanmaa\/wp-json\/wp\/v2\/users\/16"}],"replies":[{"embeddable":true,"href":"https:\/\/hevosjalostusliitot.fi\/etelapohjanmaa\/wp-json\/wp\/v2\/comments?post=198"}],"version-history":[{"count":3,"href":"https:\/\/hevosjalostusliitot.fi\/etelapohjanmaa\/wp-json\/wp\/v2\/pages\/198\/revisions"}],"predecessor-version":[{"id":226,"href":"https:\/\/hevosjalostusliitot.fi\/etelapohjanmaa\/wp-json\/wp\/v2\/pages\/198\/revisions\/226"}],"wp:featuredmedia":[{"embeddable":true,"href":"https:\/\/hevosjalostusliitot.fi\/etelapohjanmaa\/wp-json\/wp\/v2\/media\/86"}],"wp:attachment":[{"href":"https:\/\/hevosjalostusliitot.fi\/etelapohjanmaa\/wp-json\/wp\/v2\/media?parent=198"}],"curies":[{"name":"wp","href":"https:\/\/api.w.org\/{rel}","templated":true}]}}