{"id":176,"date":"2024-02-14T10:49:46","date_gmt":"2024-02-14T08:49:46","guid":{"rendered":"https:\/\/hevosjalostusliitot.fi\/etelapohjanmaa\/?page_id=176"},"modified":"2026-01-27T14:04:47","modified_gmt":"2026-01-27T12:04:47","slug":"tilastot-2023","status":"publish","type":"page","link":"https:\/\/hevosjalostusliitot.fi\/etelapohjanmaa\/tilastot-2023\/","title":{"rendered":"Tilastot 2025"},"content":{"rendered":"\n<div class=\"wp-block-file\"><a id=\"wp-block-file--media-78443f11-08fe-45cf-9bc3-9617fac2607d\" href=\"https:\/\/hevosjalostusliitot.fi\/etelapohjanmaa\/wp-content\/uploads\/sites\/5\/2026\/01\/hevosmaarat-kunnittain-2025-1.xlsx\">hevosm\u00e4\u00e4r\u00e4t kunnittain 2025<\/a><a href=\"https:\/\/hevosjalostusliitot.fi\/etelapohjanmaa\/wp-content\/uploads\/sites\/5\/2026\/01\/hevosmaarat-kunnittain-2025-1.xlsx\" class=\"wp-block-file__button wp-element-button\" download aria-describedby=\"wp-block-file--media-78443f11-08fe-45cf-9bc3-9617fac2607d\">Lataa<\/a><\/div>\n\n\n\n<p>Yll\u00e4 viime vuoden hevosm\u00e4\u00e4r\u00e4t kunnittain E-P Hjl ry:n tunnistusalueelta. <\/p>\n\n\n\n<p>Hevoset on taulukossa roduttain seuraavasti: LV (l\u00e4mminveriset), SH (suomenhevoset), KV (kylm\u00e4veriset), R (ratsut), P (ponit), R tai P (ratsu tai poni, ei rotua), D (aasi), V (vanhat suvuttomat hevoset, joiden rekisterinro alkaa esimerkiksi T80-)<\/p>\n\n\n\n<p><strong>Astutusm\u00e4\u00e4r\u00e4t 2021 &#8211; 2025<\/strong><\/p>\n\n\n\n<p>Roduittain E-P Hjl alueella, S\u00d6H alueen astutetut tammat yhdess\u00e4 pylv\u00e4\u00e4ss\u00e4 <\/p>\n\n\n\n<figure class=\"wp-block-image size-full\"><img loading=\"lazy\" decoding=\"async\" width=\"753\" height=\"454\" src=\"https:\/\/hevosjalostusliitot.fi\/etelapohjanmaa\/wp-content\/uploads\/sites\/5\/2026\/01\/image.png\" alt=\"\" class=\"wp-image-285\" srcset=\"https:\/\/hevosjalostusliitot.fi\/etelapohjanmaa\/wp-content\/uploads\/sites\/5\/2026\/01\/image.png 753w, https:\/\/hevosjalostusliitot.fi\/etelapohjanmaa\/wp-content\/uploads\/sites\/5\/2026\/01\/image-300x181.png 300w\" sizes=\"auto, (max-width: 753px) 100vw, 753px\" \/><\/figure>\n\n\n\n<p><strong>Tunnistetut varsat E-P ja S\u00d6H yhteens\u00e4 2021 &#8211; 2025<\/strong><\/p>\n\n\n\n<figure class=\"wp-block-image size-full\"><img loading=\"lazy\" decoding=\"async\" width=\"704\" height=\"505\" src=\"https:\/\/hevosjalostusliitot.fi\/etelapohjanmaa\/wp-content\/uploads\/sites\/5\/2026\/01\/image-1.png\" alt=\"\" class=\"wp-image-289\" srcset=\"https:\/\/hevosjalostusliitot.fi\/etelapohjanmaa\/wp-content\/uploads\/sites\/5\/2026\/01\/image-1.png 704w, https:\/\/hevosjalostusliitot.fi\/etelapohjanmaa\/wp-content\/uploads\/sites\/5\/2026\/01\/image-1-300x215.png 300w\" sizes=\"auto, (max-width: 704px) 100vw, 704px\" \/><\/figure>\n","protected":false},"excerpt":{"rendered":"<p>Yll\u00e4 viime vuoden hevosm\u00e4\u00e4r\u00e4t kunnittain E-P Hjl ry:n tunnistusalueelta. Hevoset on taulukossa roduttain seuraavasti: LV (l\u00e4mminveriset), SH (suomenhevoset), KV (kylm\u00e4veriset), R (ratsut), P (ponit), R tai P (ratsu tai poni, ei rotua), D (aasi), V (vanhat suvuttomat hevoset, joiden rekisterinro alkaa esimerkiksi T80-) Astutusm\u00e4\u00e4r\u00e4t 2021 &#8211; 2025 Roduittain E-P Hjl [&hellip;]<\/p>\n","protected":false},"author":16,"featured_media":0,"parent":0,"menu_order":0,"comment_status":"closed","ping_status":"closed","template":"","meta":{"_EventAllDay":false,"_EventTimezone":"","_EventStartDate":"","_EventEndDate":"","_EventStartDateUTC":"","_EventEndDateUTC":"","_EventShowMap":false,"_EventShowMapLink":false,"_EventURL":"","_EventCost":"","_EventCostDescription":"","_EventCurrencySymbol":"","_EventCurrencyPosition":"","_EventDateTimeSeparator":"","_EventTimeRangeSeparator":"","_EventOrganizerID":[],"_EventVenueID":0,"_OrganizerEmail":"","_OrganizerPhone":"","_OrganizerWebsite":"","_VenueAddress":"","_VenueCity":"","_VenueCountry":"","_VenueProvince":"","_VenueZip":"","_VenuePhone":"","_VenueURL":"","_VenueStateProvince":"","_VenueLat":"","_VenueLng":"","footnotes":""},"class_list":["post-176","page","type-page","status-publish","hentry"],"_links":{"self":[{"href":"https:\/\/hevosjalostusliitot.fi\/etelapohjanmaa\/wp-json\/wp\/v2\/pages\/176","targetHints":{"allow":["GET"]}}],"collection":[{"href":"https:\/\/hevosjalostusliitot.fi\/etelapohjanmaa\/wp-json\/wp\/v2\/pages"}],"about":[{"href":"https:\/\/hevosjalostusliitot.fi\/etelapohjanmaa\/wp-json\/wp\/v2\/types\/page"}],"author":[{"embeddable":true,"href":"https:\/\/hevosjalostusliitot.fi\/etelapohjanmaa\/wp-json\/wp\/v2\/users\/16"}],"replies":[{"embeddable":true,"href":"https:\/\/hevosjalostusliitot.fi\/etelapohjanmaa\/wp-json\/wp\/v2\/comments?post=176"}],"version-history":[{"count":6,"href":"https:\/\/hevosjalostusliitot.fi\/etelapohjanmaa\/wp-json\/wp\/v2\/pages\/176\/revisions"}],"predecessor-version":[{"id":290,"href":"https:\/\/hevosjalostusliitot.fi\/etelapohjanmaa\/wp-json\/wp\/v2\/pages\/176\/revisions\/290"}],"wp:attachment":[{"href":"https:\/\/hevosjalostusliitot.fi\/etelapohjanmaa\/wp-json\/wp\/v2\/media?parent=176"}],"curies":[{"name":"wp","href":"https:\/\/api.w.org\/{rel}","templated":true}]}}