{"id":128,"date":"2023-02-23T10:57:41","date_gmt":"2023-02-23T08:57:41","guid":{"rendered":"https:\/\/hevosjalostusliitot.fi\/etelapohjanmaa\/?page_id=128"},"modified":"2026-05-05T11:32:06","modified_gmt":"2026-05-05T08:32:06","slug":"nayttelyt-2023","status":"publish","type":"page","link":"https:\/\/hevosjalostusliitot.fi\/etelapohjanmaa\/nayttelyt-2023\/","title":{"rendered":"N\u00e4yttelyt 2026"},"content":{"rendered":"\n<p>Etel\u00e4-Pohjanmaan Hevosjalostusliitto ry j\u00e4rjest\u00e4\u00e4 t\u00e4n\u00e4 vuonna kaksi n\u00e4yttely\u00e4 Sein\u00e4joen Ravikeskuksen varikkoalueella.<\/p>\n\n\n\n<p>Kev\u00e4tn\u00e4yttely lauantaina 9.5 ja syysn\u00e4yttely lauantaina 12.9<\/p>\n\n\n\n<p>Kev\u00e4\u00e4n tamma- ja varsan\u00e4yttely:<\/p>\n\n\n\n<p>N\u00e4yttelyss\u00e4 arvostellaan k\u00e4ytt\u00f6suunnan suomenhevosoriit ja -tammat (ratsastus- tai ajokoe), juoksijasuunnan suomenhevostammat ja l\u00e4mminveritammat. <\/p>\n\n\n\n<p>Varsoista 1-3 vuotiaat suomenhevosvarsat sek\u00e4 1-2 vuotiaat l\u00e4mminverivarsat. Suomenhevosvarsa voidaan arvostella mille jalostussuunnalle tahansa (juoksija, ratsu, pienhevonen, ty\u00f6hevonen).<\/p>\n\n\n\n<p><strong>Suomen Hippoksen j\u00e4rjest\u00e4miin n\u00e4yttelyihin osallistuvilla hevosilla tulee olla riitt\u00e4v\u00e4 rokotussuoja hevosinfluenssaa vastaan. <\/strong><\/p>\n\n\n\n<p>1.1.2024 alkaen Hippoksen tamma- ja varsan\u00e4yttelyihin, sek\u00e4 oriiden jalostusarvostelutilaisuuksiin osallistuvilla hevosilla ja poneilla tulee olla Hippoksen n\u00e4yttelys\u00e4\u00e4nt\u00f6jen mukaisesti voimassa oleva rokotussuoja.<\/p>\n\n\n\n<p>* Kalenterivuonna 2024 1-vuotiaaksi k\u00e4\u00e4ntyv\u00e4ll\u00e4 tai sit\u00e4 vanhemmalla hevosella tai ponilla tulee olla v\u00e4hint\u00e4\u00e4n kaksi perusrokotetta annettuna.<br>* Toinen perusrokote tulee antaa 21\u201392 vrk:n kuluessa ensimm\u00e4isest\u00e4 perusrokotteesta.<br>* Viimeisimm\u00e4n rokotteen antamisesta tulee olla kulunut v\u00e4hint\u00e4\u00e4n 5 vrk ja enint\u00e4\u00e4n 365vrk.<\/p>\n\n\n\n<p><em>Ravi- ja ratsastuskilpailujen sek\u00e4 islanninhevosten kilpailuissa ja n\u00e4yttelyiss\u00e4 k\u00e4ytett\u00e4v\u00e4t rokotusohjelmat poikkeavat Hippoksen n\u00e4yttelyiss\u00e4 k\u00e4yt\u00f6ss\u00e4 olevasta rokotusohjelmasta. Tarkistathan ponin tai hevosen rokotusohjelmaa suunnitellessa, ett\u00e4 se noudattaa my\u00f6s lajikohtaisia vaatimuksia.<\/em><\/p>\n\n\n\n<p>Ilmoittautumiset n\u00e4yttelyihin sek\u00e4 lis\u00e4tietoja:<\/p>\n\n\n\n<p><a href=\"https:\/\/www.hippos.fi\/kasvatus\/nayttelyt-ja-jalostusarvostelu\/suomenhevoset-ja-lamminveriset-ravihevoset\/\">Suomenhevosten ja l\u00e4mminveristen ravihevosten n\u00e4yttelyt &#8211; Hip<\/a><\/p>\n\n\n\n<div data-wp-interactive=\"core\/file\" class=\"wp-block-file\"><object data-wp-bind--hidden=\"!state.hasPdfPreview\" hidden class=\"wp-block-file__embed\" data=\"https:\/\/hevosjalostusliitot.fi\/etelapohjanmaa\/wp-content\/uploads\/sites\/5\/2026\/05\/Nayttelyaikataulu-9.5.26-1.pdf\" type=\"application\/pdf\" style=\"width:100%;height:600px\" aria-label=\"Tiedoston N\u00e4yttelyaikataulu 9.5.26 upotus.\"><\/object><a id=\"wp-block-file--media-6f5d5a34-28d1-4333-8427-b7d445b0925a\" href=\"https:\/\/hevosjalostusliitot.fi\/etelapohjanmaa\/wp-content\/uploads\/sites\/5\/2026\/05\/Nayttelyaikataulu-9.5.26-1.pdf\">N\u00e4yttelyaikataulu 9.5.26<\/a><a href=\"https:\/\/hevosjalostusliitot.fi\/etelapohjanmaa\/wp-content\/uploads\/sites\/5\/2026\/05\/Nayttelyaikataulu-9.5.26-1.pdf\" class=\"wp-block-file__button wp-element-button\" download aria-describedby=\"wp-block-file--media-6f5d5a34-28d1-4333-8427-b7d445b0925a\">Lataa<\/a><\/div>\n","protected":false},"excerpt":{"rendered":"<p>Etel\u00e4-Pohjanmaan Hevosjalostusliitto ry j\u00e4rjest\u00e4\u00e4 t\u00e4n\u00e4 vuonna kaksi n\u00e4yttely\u00e4 Sein\u00e4joen Ravikeskuksen varikkoalueella. Kev\u00e4tn\u00e4yttely lauantaina 9.5 ja syysn\u00e4yttely lauantaina 12.9 Kev\u00e4\u00e4n tamma- ja varsan\u00e4yttely: N\u00e4yttelyss\u00e4 arvostellaan k\u00e4ytt\u00f6suunnan suomenhevosoriit ja -tammat (ratsastus- tai ajokoe), juoksijasuunnan suomenhevostammat ja l\u00e4mminveritammat. Varsoista 1-3 vuotiaat suomenhevosvarsat sek\u00e4 1-2 vuotiaat l\u00e4mminverivarsat. Suomenhevosvarsa voidaan arvostella mille jalostussuunnalle tahansa (juoksija, [&hellip;]<\/p>\n","protected":false},"author":16,"featured_media":234,"parent":0,"menu_order":0,"comment_status":"closed","ping_status":"closed","template":"","meta":{"_EventAllDay":false,"_EventTimezone":"","_EventStartDate":"","_EventEndDate":"","_EventStartDateUTC":"","_EventEndDateUTC":"","_EventShowMap":false,"_EventShowMapLink":false,"_EventURL":"","_EventCost":"","_EventCostDescription":"","_EventCurrencySymbol":"","_EventCurrencyPosition":"","_EventDateTimeSeparator":"","_EventTimeRangeSeparator":"","_EventOrganizerID":[],"_EventVenueID":0,"_OrganizerEmail":"","_OrganizerPhone":"","_OrganizerWebsite":"","_VenueAddress":"","_VenueCity":"","_VenueCountry":"","_VenueProvince":"","_VenueZip":"","_VenuePhone":"","_VenueURL":"","_VenueStateProvince":"","_VenueLat":"","_VenueLng":"","footnotes":""},"class_list":["post-128","page","type-page","status-publish","has-post-thumbnail","hentry"],"_links":{"self":[{"href":"https:\/\/hevosjalostusliitot.fi\/etelapohjanmaa\/wp-json\/wp\/v2\/pages\/128","targetHints":{"allow":["GET"]}}],"collection":[{"href":"https:\/\/hevosjalostusliitot.fi\/etelapohjanmaa\/wp-json\/wp\/v2\/pages"}],"about":[{"href":"https:\/\/hevosjalostusliitot.fi\/etelapohjanmaa\/wp-json\/wp\/v2\/types\/page"}],"author":[{"embeddable":true,"href":"https:\/\/hevosjalostusliitot.fi\/etelapohjanmaa\/wp-json\/wp\/v2\/users\/16"}],"replies":[{"embeddable":true,"href":"https:\/\/hevosjalostusliitot.fi\/etelapohjanmaa\/wp-json\/wp\/v2\/comments?post=128"}],"version-history":[{"count":27,"href":"https:\/\/hevosjalostusliitot.fi\/etelapohjanmaa\/wp-json\/wp\/v2\/pages\/128\/revisions"}],"predecessor-version":[{"id":305,"href":"https:\/\/hevosjalostusliitot.fi\/etelapohjanmaa\/wp-json\/wp\/v2\/pages\/128\/revisions\/305"}],"wp:featuredmedia":[{"embeddable":true,"href":"https:\/\/hevosjalostusliitot.fi\/etelapohjanmaa\/wp-json\/wp\/v2\/media\/234"}],"wp:attachment":[{"href":"https:\/\/hevosjalostusliitot.fi\/etelapohjanmaa\/wp-json\/wp\/v2\/media?parent=128"}],"curies":[{"name":"wp","href":"https:\/\/api.w.org\/{rel}","templated":true}]}}